{"id":172,"date":"2016-02-24T13:21:15","date_gmt":"2016-02-24T12:21:15","guid":{"rendered":"http:\/\/chemin-fer-baie-saint-brieuc.fr\/wordpress\/?page_id=172"},"modified":"2025-01-21T12:42:29","modified_gmt":"2025-01-21T11:42:29","slug":"les-voyages","status":"publish","type":"page","link":"https:\/\/chemin-fer-baie-saint-brieuc.fr\/wordpress\/les-voyages\/","title":{"rendered":"Les voyages"},"content":{"rendered":"<p>Venez d\u00e9couvrir le site de Boutdeville sous un point de vue in\u00e9dit \u00e0 bord du <strong>Tramway de Boutdeville<\/strong>. Il circule r\u00e9guli\u00e8rement entre juin et octobre (<a href=\"https:\/\/chemin-fer-baie-saint-brieuc.fr\/wordpress\/horaires-et-tarifs\/\">voir les horaires<\/a>). Pour les groupes, il est possible de r\u00e9server en dehors de ces p\u00e9riodes. <a href=\"http:\/\/chemin-fer-baie-saint-brieuc.fr\/wordpress\/nous-contacter\/\">Contactez l&rsquo;association<\/a> pour en savoir plus.<\/p>\n<div id=\"attachment_253\" style=\"width: 790px\" class=\"wp-caption aligncenter\"><a href=\"http:\/\/chemin-fer-baie-saint-brieuc.fr\/wordpress\/wp-content\/uploads\/2016\/02\/IMG_6997.jpg\"><img loading=\"lazy\" decoding=\"async\" aria-describedby=\"caption-attachment-253\" class=\"wp-image-253 size-large\" src=\"http:\/\/chemin-fer-baie-saint-brieuc.fr\/wordpress\/wp-content\/uploads\/2016\/02\/IMG_6997-1024x683.jpg\" alt=\"D\u00e9part du Tramway de Boutdeville\" width=\"780\" height=\"520\" srcset=\"https:\/\/chemin-fer-baie-saint-brieuc.fr\/wordpress\/wp-content\/uploads\/2016\/02\/IMG_6997.jpg 1024w, https:\/\/chemin-fer-baie-saint-brieuc.fr\/wordpress\/wp-content\/uploads\/2016\/02\/IMG_6997-300x200.jpg 300w, https:\/\/chemin-fer-baie-saint-brieuc.fr\/wordpress\/wp-content\/uploads\/2016\/02\/IMG_6997-768x512.jpg 768w\" sizes=\"auto, (max-width: 780px) 100vw, 780px\" \/><\/a><p id=\"caption-attachment-253\" class=\"wp-caption-text\">D\u00e9part du Tramway de Boutdeville<\/p><\/div>\n<p>Le Tramway de Boutdeville est un petit train \u00e0 voie de 40 cm. Le circuit fait une boucle d&rsquo;environ 800 m\u00e8tres entre le mus\u00e9e de la Briqueterie et le site de l&rsquo;Association des Chemins de Fer des C\u00f4tes-du-Nord.<\/p>\n<p>Le mat\u00e9riel du Tramway de Boutdeville a \u00e9t\u00e9 r\u00e9cup\u00e9r\u00e9 sur diff\u00e9rents r\u00e9seaux et a \u00e9t\u00e9 restaur\u00e9 par les b\u00e9n\u00e9voles de l&rsquo;ACFCdN. Les voyageurs sont install\u00e9s sur de petits wagonnets construits par des b\u00e9n\u00e9voles.<\/p>\n<p><strong>Voyagez dans l&rsquo;histoire<\/strong><\/p>\n<p>Profitez de votre passage sur le site pour admirer la collection de mat\u00e9riel pr\u00e9serv\u00e9 par l&rsquo;Association depuis sa cr\u00e9ation. Il s&rsquo;agit en effet de la collection la plus importante de mat\u00e9riel historique de Bretagne dont\u00a0plusieurs sont\u00a0inscrits aux Monuments Historiques.<\/p>\n<p><strong>Randonn\u00e9es<\/strong><\/p>\n<p>Pour les passionn\u00e9s de randonn\u00e9es, vous pouvez en profiter pour d\u00e9couvrir la baie \u00e0 travers les diff\u00e9rents chemins de randonn\u00e9es qui passent par Boutdeville.<\/p>\n<div id=\"attachment_427\" style=\"width: 376px\" class=\"wp-caption alignleft\"><a href=\"http:\/\/chemin-fer-baie-saint-brieuc.fr\/wordpress\/wp-content\/uploads\/2016\/02\/ligne_touristique_-_d\u00e9but_3_7_aout_2004.jpg\"><img loading=\"lazy\" decoding=\"async\" aria-describedby=\"caption-attachment-427\" class=\"wp-image-427\" src=\"http:\/\/chemin-fer-baie-saint-brieuc.fr\/wordpress\/wp-content\/uploads\/2016\/02\/ligne_touristique_-_d\u00e9but_3_7_aout_2004-300x225.jpg\" alt=\"Vue de la plateforme de l'ancienne ligne\" width=\"366\" height=\"274\" srcset=\"https:\/\/chemin-fer-baie-saint-brieuc.fr\/wordpress\/wp-content\/uploads\/2016\/02\/ligne_touristique_-_d\u00e9but_3_7_aout_2004-300x225.jpg 300w, https:\/\/chemin-fer-baie-saint-brieuc.fr\/wordpress\/wp-content\/uploads\/2016\/02\/ligne_touristique_-_d\u00e9but_3_7_aout_2004-768x576.jpg 768w, https:\/\/chemin-fer-baie-saint-brieuc.fr\/wordpress\/wp-content\/uploads\/2016\/02\/ligne_touristique_-_d\u00e9but_3_7_aout_2004.jpg 1024w\" sizes=\"auto, (max-width: 366px) 100vw, 366px\" \/><\/a><p id=\"caption-attachment-427\" class=\"wp-caption-text\">Vue de la plateforme de l&rsquo;ancienne ligne<\/p><\/div>\n<div id=\"attachment_429\" style=\"width: 375px\" class=\"wp-caption alignleft\"><a href=\"http:\/\/chemin-fer-baie-saint-brieuc.fr\/wordpress\/wp-content\/uploads\/2016\/02\/IMG_2086.jpg\"><img loading=\"lazy\" decoding=\"async\" aria-describedby=\"caption-attachment-429\" class=\"wp-image-429\" src=\"http:\/\/chemin-fer-baie-saint-brieuc.fr\/wordpress\/wp-content\/uploads\/2016\/02\/IMG_2086-300x225.jpg\" alt=\"Vue depuis la plateforme de l'ancienne ligne\" width=\"365\" height=\"274\" srcset=\"https:\/\/chemin-fer-baie-saint-brieuc.fr\/wordpress\/wp-content\/uploads\/2016\/02\/IMG_2086-300x225.jpg 300w, https:\/\/chemin-fer-baie-saint-brieuc.fr\/wordpress\/wp-content\/uploads\/2016\/02\/IMG_2086-768x576.jpg 768w, https:\/\/chemin-fer-baie-saint-brieuc.fr\/wordpress\/wp-content\/uploads\/2016\/02\/IMG_2086.jpg 1024w\" sizes=\"auto, (max-width: 365px) 100vw, 365px\" \/><\/a><p id=\"caption-attachment-429\" class=\"wp-caption-text\">Vue depuis la plateforme de l&rsquo;ancienne ligne<\/p><\/div>\n","protected":false},"excerpt":{"rendered":"<p>Venez d\u00e9couvrir le site de Boutdeville sous un point de vue in\u00e9dit \u00e0 bord du Tramway de Boutdeville. Il circule r\u00e9guli\u00e8rement entre juin et octobre (voir les horaires). Pour les groupes, il est possible de r\u00e9server en dehors de ces p\u00e9riodes. Contactez l&rsquo;association pour en savoir plus. Le Tramway de Boutdeville est un petit train <a class=\"more-link\" href=\"https:\/\/chemin-fer-baie-saint-brieuc.fr\/wordpress\/les-voyages\/\">Lire plus &#8230;<\/a><\/p>\n","protected":false},"author":1,"featured_media":0,"parent":0,"menu_order":0,"comment_status":"closed","ping_status":"closed","template":"","meta":{"_exactmetrics_skip_tracking":false,"_exactmetrics_sitenote_active":false,"_exactmetrics_sitenote_note":"","_exactmetrics_sitenote_category":0,"footnotes":""},"class_list":["post-172","page","type-page","status-publish","hentry"],"_links":{"self":[{"href":"https:\/\/chemin-fer-baie-saint-brieuc.fr\/wordpress\/wp-json\/wp\/v2\/pages\/172","targetHints":{"allow":["GET"]}}],"collection":[{"href":"https:\/\/chemin-fer-baie-saint-brieuc.fr\/wordpress\/wp-json\/wp\/v2\/pages"}],"about":[{"href":"https:\/\/chemin-fer-baie-saint-brieuc.fr\/wordpress\/wp-json\/wp\/v2\/types\/page"}],"author":[{"embeddable":true,"href":"https:\/\/chemin-fer-baie-saint-brieuc.fr\/wordpress\/wp-json\/wp\/v2\/users\/1"}],"replies":[{"embeddable":true,"href":"https:\/\/chemin-fer-baie-saint-brieuc.fr\/wordpress\/wp-json\/wp\/v2\/comments?post=172"}],"version-history":[{"count":13,"href":"https:\/\/chemin-fer-baie-saint-brieuc.fr\/wordpress\/wp-json\/wp\/v2\/pages\/172\/revisions"}],"predecessor-version":[{"id":751,"href":"https:\/\/chemin-fer-baie-saint-brieuc.fr\/wordpress\/wp-json\/wp\/v2\/pages\/172\/revisions\/751"}],"wp:attachment":[{"href":"https:\/\/chemin-fer-baie-saint-brieuc.fr\/wordpress\/wp-json\/wp\/v2\/media?parent=172"}],"curies":[{"name":"wp","href":"https:\/\/api.w.org\/{rel}","templated":true}]}}