{"id":174,"date":"2016-02-24T13:20:18","date_gmt":"2016-02-24T12:20:18","guid":{"rendered":"http:\/\/chemin-fer-baie-saint-brieuc.fr\/wordpress\/?page_id=174"},"modified":"2026-03-01T20:49:14","modified_gmt":"2026-03-01T19:49:14","slug":"horaires-et-tarifs","status":"publish","type":"page","link":"https:\/\/chemin-fer-baie-saint-brieuc.fr\/wordpress\/horaires-et-tarifs\/","title":{"rendered":"Horaires et tarifs"},"content":{"rendered":"<p>Le <strong>Tramway de Boutdeville<\/strong> circule en 2026 les apr\u00e8s-midis de <strong>14h30 \u00e0 18h<\/strong>\u00a0:<\/p>\n<ul>\n<li style=\"list-style-type: none;\">\n<ul>\n<li><b>Les mercredis et samedis :<br \/>\n<\/b>Vacances de printemps (zones A,B,C)<br \/>\nD\u00e9but-juin jusqu&rsquo;\u00e0 mi-juin<br \/>\nMi-septembre jusqu&rsquo;\u00e0 la fin des vacances de la Toussaint (zones A,B,C)<\/li>\n<li><strong>Les mercredis, samedis et dimanches<br \/>\n<\/strong>De mi-juin \u00e0 mi-septembre<\/li>\n<\/ul>\n<\/li>\n<\/ul>\n<ul>\n<li><strong>Accueil des groupes sur rendez-vous<\/strong><\/li>\n<\/ul>\n<p>Le tarif est unique : <strong>2,50 \u20ac par personne <\/strong>(gratuit pour les enfants jusqu&rsquo;\u00e0 2 ans).<\/p>\n<p>Il n&rsquo;y a pas d&rsquo;horaire fixe. Le train circule d\u00e8s qu&rsquo;il y a des visiteurs qui veulent faire un tour \u00e0 bord pendant les horaires d&rsquo;ouverture du site. L&rsquo;heure de la derni\u00e8re circulation peut \u00eatre d\u00e9cal\u00e9e selon le nombre de visiteurs.<\/p>\n<p>En cas de force majeure, pour des raisons techniques ou de s\u00e9curit\u00e9, les circulations peuvent \u00eatre annul\u00e9es par le personnel.<\/p>\n<h2>Animations 2026<\/h2>\n<ul>\n<li><strong>Dimanche 19 juillet, <\/strong>Vide-greniers \u00e0 Boutdeville (Langueux) &#8211; <a href=\"https:\/\/chemin-fer-baie-saint-brieuc.fr\/wordpress\/vide-greniers-a-boutdeville-le-19-juillet-2026\/\">Voir d\u00e9tails<\/a><\/li>\n<li><em>D&rsquo;autres animations \u00e0 venir&#8230;<\/em><\/li>\n<\/ul>\n<h2>Accueil des groupes<\/h2>\n<p>Pour les groupes, nous vous proposons les activit\u00e9s suivantes :<\/p>\n<p>1. <strong>Visite comment\u00e9e du d\u00e9p\u00f4t<\/strong> et du mat\u00e9riel ferroviaire restaur\u00e9, en cours ou en attente de restauration, exposition de panneaux retra\u00e7ant l\u2019histoire du r\u00e9seau ;<br \/>\n2. <strong>D\u00e9monstrations<\/strong> des diff\u00e9rents \u00e9l\u00e9ments d\u2019une voie, des appareils de voie, de l\u2019outillage utilis\u00e9 ;<br \/>\n3. <strong>Manipulations<\/strong> possibles de certains \u00e9l\u00e9ments (selon l\u2019\u00e2ge des visiteurs);<br \/>\n4.\u00a0Visite du parc de Boutdeville \u00e0 bord du Tramway circulant sur de la voie de 0.40 m.<\/p>\n<p><strong>Contactez nous pour conna\u00eetre les tarifs de groupes.<\/strong><\/p>\n<p>Les visites de groupes peuvent \u00eatre organis\u00e9es en dehors des heures d\u2019ouverture sur demande et en fonction des disponibilit\u00e9s de nos b\u00e9n\u00e9voles.<\/p>\n<p><strong>Pour organiser votre visite, merci de <a href=\"nous-contacter\">nous contacter<\/a>.<\/strong><\/p>\n<h2>Prestations ext\u00e9rieures<\/h2>\n<p>L&rsquo;Association propose de louer son Tramway de Boutdeville lors de manifestations. Un parcours circulaire en voie de 40 cm peut \u00eatre install\u00e9 \u00e0 la demande. Du mod\u00e9lisme peut \u00e9galement \u00eatre propos\u00e9 selon les disponibilit\u00e9s des b\u00e9n\u00e9voles.<\/p>\n<p><strong>Pour conna\u00eetre les conditions de ces prestations, merci de <a href=\"nous-contacter\">nous contacter<\/a>.<\/strong><\/p>\n","protected":false},"excerpt":{"rendered":"<p>Le Tramway de Boutdeville circule en 2026 les apr\u00e8s-midis de 14h30 \u00e0 18h\u00a0: Les mercredis et samedis : Vacances de printemps (zones A,B,C) D\u00e9but-juin jusqu&rsquo;\u00e0 mi-juin Mi-septembre jusqu&rsquo;\u00e0 la fin des vacances de la Toussaint (zones A,B,C) Les mercredis, samedis et dimanches De mi-juin \u00e0 mi-septembre Accueil des groupes sur rendez-vous Le tarif est unique <a class=\"more-link\" href=\"https:\/\/chemin-fer-baie-saint-brieuc.fr\/wordpress\/horaires-et-tarifs\/\">Lire plus &#8230;<\/a><\/p>\n","protected":false},"author":1,"featured_media":0,"parent":0,"menu_order":0,"comment_status":"closed","ping_status":"closed","template":"","meta":{"_exactmetrics_skip_tracking":false,"_exactmetrics_sitenote_active":false,"_exactmetrics_sitenote_note":"","_exactmetrics_sitenote_category":0,"footnotes":""},"class_list":["post-174","page","type-page","status-publish","hentry"],"_links":{"self":[{"href":"https:\/\/chemin-fer-baie-saint-brieuc.fr\/wordpress\/wp-json\/wp\/v2\/pages\/174","targetHints":{"allow":["GET"]}}],"collection":[{"href":"https:\/\/chemin-fer-baie-saint-brieuc.fr\/wordpress\/wp-json\/wp\/v2\/pages"}],"about":[{"href":"https:\/\/chemin-fer-baie-saint-brieuc.fr\/wordpress\/wp-json\/wp\/v2\/types\/page"}],"author":[{"embeddable":true,"href":"https:\/\/chemin-fer-baie-saint-brieuc.fr\/wordpress\/wp-json\/wp\/v2\/users\/1"}],"replies":[{"embeddable":true,"href":"https:\/\/chemin-fer-baie-saint-brieuc.fr\/wordpress\/wp-json\/wp\/v2\/comments?post=174"}],"version-history":[{"count":41,"href":"https:\/\/chemin-fer-baie-saint-brieuc.fr\/wordpress\/wp-json\/wp\/v2\/pages\/174\/revisions"}],"predecessor-version":[{"id":862,"href":"https:\/\/chemin-fer-baie-saint-brieuc.fr\/wordpress\/wp-json\/wp\/v2\/pages\/174\/revisions\/862"}],"wp:attachment":[{"href":"https:\/\/chemin-fer-baie-saint-brieuc.fr\/wordpress\/wp-json\/wp\/v2\/media?parent=174"}],"curies":[{"name":"wp","href":"https:\/\/api.w.org\/{rel}","templated":true}]}}