{"id":578,"date":"2020-02-25T19:02:00","date_gmt":"2020-02-25T18:02:00","guid":{"rendered":"https:\/\/chemin-fer-baie-saint-brieuc.fr\/wordpress\/?page_id=578"},"modified":"2025-11-23T10:35:18","modified_gmt":"2025-11-23T09:35:18","slug":"la-gare-plougonver","status":"publish","type":"page","link":"https:\/\/chemin-fer-baie-saint-brieuc.fr\/wordpress\/la-gare-plougonver\/","title":{"rendered":"La Gare &#8211; Plougonver"},"content":{"rendered":"\n<h2 class=\"wp-block-heading\">Historique<\/h2>\n\n\n\n<p>La gare de Plougonver se trouve sur la ligne du R\u00e9seau Breton entre Carhaix et Guingamp. Cette ligne \u00e0 voie m\u00e9trique a \u00e9t\u00e9 ouverte en 1893. Elle a ensuite \u00e9t\u00e9 convertie en voie normale en 1967.<\/p>\n\n\n<div class=\"wp-block-image\">\n<figure class=\"aligncenter size-large\"><img loading=\"lazy\" decoding=\"async\" width=\"800\" height=\"548\" src=\"https:\/\/chemin-fer-baie-saint-brieuc.fr\/wordpress\/wp-content\/uploads\/2020\/02\/PLOUGONVER-1964-Derrien-2.jpg\" alt=\"OC2 \u00e0 Plougonver\" class=\"wp-image-586\" srcset=\"https:\/\/chemin-fer-baie-saint-brieuc.fr\/wordpress\/wp-content\/uploads\/2020\/02\/PLOUGONVER-1964-Derrien-2.jpg 800w, https:\/\/chemin-fer-baie-saint-brieuc.fr\/wordpress\/wp-content\/uploads\/2020\/02\/PLOUGONVER-1964-Derrien-2-300x206.jpg 300w, https:\/\/chemin-fer-baie-saint-brieuc.fr\/wordpress\/wp-content\/uploads\/2020\/02\/PLOUGONVER-1964-Derrien-2-768x526.jpg 768w\" sizes=\"auto, (max-width: 800px) 100vw, 800px\" \/><figcaption class=\"wp-element-caption\"><em> Passage d&rsquo;un autorail De Dion Bouton OC2 en gare de Plougonver en 1964, peu de temps avant le passage \u00e0 la voie normale . Photo M. Derrien<\/em><\/figcaption><\/figure>\n<\/div>\n\n\n<p>Au fil des ann\u00e9es, m\u00eame si la ligne est toujours active, le trafic ne n\u00e9cessite plus d&rsquo;avoir un chef de gare et le b\u00e2timent est laiss\u00e9 \u00e0 l&rsquo;abandon.<\/p>\n\n\n\n<h2 class=\"wp-block-heading\">Rachat de la gare<\/h2>\n\n\n\n<p>La gare mise en vente est rachet\u00e9e en 1992 par un passionn\u00e9 Suisse, Monsieur Egli. Elle est alors dans un piteux \u00e9tat. Il la restaure petit \u00e0 petit pour en faire sa maison secondaire.<\/p>\n\n\n<div class=\"wp-block-image\">\n<figure class=\"aligncenter size-large\"><img loading=\"lazy\" decoding=\"async\" width=\"800\" height=\"547\" src=\"https:\/\/chemin-fer-baie-saint-brieuc.fr\/wordpress\/wp-content\/uploads\/2020\/02\/plougonver-6.jpg\" alt=\"\" class=\"wp-image-590\" srcset=\"https:\/\/chemin-fer-baie-saint-brieuc.fr\/wordpress\/wp-content\/uploads\/2020\/02\/plougonver-6.jpg 800w, https:\/\/chemin-fer-baie-saint-brieuc.fr\/wordpress\/wp-content\/uploads\/2020\/02\/plougonver-6-300x205.jpg 300w, https:\/\/chemin-fer-baie-saint-brieuc.fr\/wordpress\/wp-content\/uploads\/2020\/02\/plougonver-6-768x525.jpg 768w\" sizes=\"auto, (max-width: 800px) 100vw, 800px\" \/><figcaption class=\"wp-element-caption\"><em>La gare au moment de son rachat par M. Egli<\/em><\/figcaption><\/figure>\n<\/div>\n\n\n<p>Mais il ne s&rsquo;arr\u00eate pas seulement \u00e0 la restauration de la maison. Il est tellement passionn\u00e9 par le chemin de fer qu&rsquo;il d\u00e9cide de redonner un aspect ferroviaire \u00e0 sa gare avec du mat\u00e9riel qu&rsquo;il sauve de la destruction.<\/p>\n\n\n\n<h2 class=\"wp-block-heading\">Seconde vie de la gare<\/h2>\n\n\n\n<p>C&rsquo;est ainsi que M. Egli fait installer plusieurs m\u00e8tres de voie m\u00e9trique devant la gare (dans l&rsquo;ancienne cour \u00e0 marchandises) avec des aiguillages et grue. Une marquise r\u00e9cup\u00e9r\u00e9e dans une gare de Berne est reconstruite pour y mettre \u00e0 l&rsquo;abri la petite collection de mat\u00e9riel roulant.<\/p>\n\n\n<div class=\"wp-block-image\">\n<figure class=\"aligncenter size-large\"><img loading=\"lazy\" decoding=\"async\" width=\"800\" height=\"406\" src=\"https:\/\/chemin-fer-baie-saint-brieuc.fr\/wordpress\/wp-content\/uploads\/2020\/02\/plougonver-10.jpg\" alt=\"\" class=\"wp-image-595\" srcset=\"https:\/\/chemin-fer-baie-saint-brieuc.fr\/wordpress\/wp-content\/uploads\/2020\/02\/plougonver-10.jpg 800w, https:\/\/chemin-fer-baie-saint-brieuc.fr\/wordpress\/wp-content\/uploads\/2020\/02\/plougonver-10-300x152.jpg 300w, https:\/\/chemin-fer-baie-saint-brieuc.fr\/wordpress\/wp-content\/uploads\/2020\/02\/plougonver-10-768x390.jpg 768w\" sizes=\"auto, (max-width: 800px) 100vw, 800px\" \/><figcaption class=\"wp-element-caption\"><em>Arriv\u00e9e de mat\u00e9riel Suisse \u00e0 la gare de Plougonver<\/em><\/figcaption><\/figure>\n<\/div>\n\n\n<p>Au total, dix v\u00e9hicules originaire de r\u00e9seaux suisses composent cette collection  :<br>&#8211; deux voitures (SGA B125 et B126)<br>&#8211; un fourgon postal Zi 4<br>&#8211; trois wagons couverts (Gb-v 2237, 2069 et 2030)<br>&#8211; un wagon tombereau (X 9957)<br>&#8211; deux wagons plats (Kbk 7006 et 7012)<br>&#8211; un wagon plat-grue (X\u00b3 9989).<\/p>\n\n\n\n<p>Malheureusement l&rsquo;\u00e9loignement de M. Egli fait qu&rsquo;il ne peut pas venir aussi souvent qu&rsquo;il ne le veut \u00e0 sa gare. Il d\u00e9c\u00e8de en 2016.<\/p>\n\n\n\n<h2 class=\"wp-block-heading\">Donation \u00e0 l&rsquo;ACFCdN<\/h2>\n\n\n\n<p>M. Egli de son vivant a eu \u00e0 plusieurs reprises des contacts avec l&rsquo;Association des Chemins de Fer des C\u00f4tes-du-Nord. A son d\u00e9c\u00e8s, sa femme se tourne tout naturellement vers l&rsquo;Association pour faire une donation de la gare \u00ab\u00a0pour que tout le travail r\u00e9alis\u00e9 par son mari soit conserv\u00e9 et mis en valeur\u00a0\u00bb.<\/p>\n\n\n<div class=\"wp-block-image\">\n<figure class=\"aligncenter size-large\"><img loading=\"lazy\" decoding=\"async\" width=\"800\" height=\"532\" src=\"https:\/\/chemin-fer-baie-saint-brieuc.fr\/wordpress\/wp-content\/uploads\/2020\/02\/Plougonver-2018.jpg\" alt=\"\" class=\"wp-image-597\" srcset=\"https:\/\/chemin-fer-baie-saint-brieuc.fr\/wordpress\/wp-content\/uploads\/2020\/02\/Plougonver-2018.jpg 800w, https:\/\/chemin-fer-baie-saint-brieuc.fr\/wordpress\/wp-content\/uploads\/2020\/02\/Plougonver-2018-300x200.jpg 300w, https:\/\/chemin-fer-baie-saint-brieuc.fr\/wordpress\/wp-content\/uploads\/2020\/02\/Plougonver-2018-768x511.jpg 768w\" sizes=\"auto, (max-width: 800px) 100vw, 800px\" \/><figcaption class=\"wp-element-caption\"><em>L&rsquo;\u00e9tat de la gare peu apr\u00e8s la donation<\/em><\/figcaption><\/figure>\n<\/div>\n\n\n<p>La donation est valid\u00e9e fin 2017. De nouveaux b\u00e9n\u00e9voles locaux rejoignent l&rsquo;Association pour donner vie \u00e0 cette gare qui fait partie de leur patrimoine.<\/p>\n\n\n\n<h2 class=\"wp-block-heading\">Troisi\u00e8me vie de la gare<\/h2>\n\n\n\n<p>Afin de respecter les volont\u00e9s de Mme Egli, la gare est tr\u00e8s r\u00e9guli\u00e8rement entretenue et des visites sont organis\u00e9es. La gare revit ! Cependant, lors des ann\u00e9es pr\u00e9c\u00e9dentes, plusieurs actes de vandalismes ont \u00e9t\u00e9 fait sur le b\u00e2timent et sur la marquise. Il reste encore du travail pour la remettre dans un \u00e9tat impeccable.<\/p>\n\n\n\n<p>D\u00e9sormais, les b\u00e9n\u00e9voles de l&rsquo;ACFCdN se penchent sur les diff\u00e9rents projets \u00e9voqu\u00e9s pour cette gare :<br>&#8211; Faire un mus\u00e9e du R\u00e9seau Breton (et \u00e9ventuellement faire un \u00e9change de mat\u00e9riel avec le site de Boutdeville)<br>&#8211; Mettre en place un atelier de restauration (le site n&rsquo;ayant pas les m\u00eames contraintes que Boutdeville)<br>&#8211; Animer le site avec de la voie de 40 cm (cela a \u00e9t\u00e9 fait lors de journ\u00e9es portes-ouvertes)<br>&#8211; Proposer un h\u00e9bergement insolite<\/p>\n\n\n\n<p>Toutes ces id\u00e9es sont lanc\u00e9es mais pour le moment rien n&rsquo;est clairement fix\u00e9. Tout reste \u00e0 faire et toutes les bonnes volont\u00e9s sont les bienvenues pour nous aider \u00e0 faire revivre ce site !<\/p>\n\n\n\n<h3 class=\"wp-block-heading\">Remise en \u00e9tat de la verri\u00e8re<\/h3>\n\n\n\n<p>La priorit\u00e9 actuelle est de remettre en \u00e9tat la verri\u00e8re originaire de la r\u00e9gion de Berne que Monsieur Egli avait install\u00e9 devant la gare. Cette marquise a en effet subit des d\u00e9gradations au fil du temps. Au total 22 vitres ont \u00e9t\u00e9 cass\u00e9es et nous devons les remplacer pour redonner \u00e0 cette verri\u00e8re sa fonction premi\u00e8re : mettre \u00e0 l\u2019abri l&rsquo;ensemble du mat\u00e9riel ferroviaire, parfois centenaire, pr\u00e9sent sur le site de la Gare de Plougonver.<\/p>\n\n\n\n<h3 class=\"wp-block-heading\">Association En gare<\/h3>\n\n\n\n<p>En 2024, des b\u00e9n\u00e9voles locaux lancent une association En Gare afin d&rsquo;animer cette gare.<\/p>\n\n\n\n<h3 class=\"wp-block-heading\">Programmation 2025<\/h3>\n\n\n\n<p>Le dimanche 16 mars, de 14 h \u00e0 18 h, portes ouvertes. <a href=\"https:\/\/chemin-fer-baie-saint-brieuc.fr\/wordpress\/portes-ouvertes-a-la-gare-de-plougonver\/\" data-type=\"post\" data-id=\"762\">Voir la page d\u00e9di\u00e9e<\/a><\/p>\n\n\n\n<p>Le dimanche 20 avril, \u00e0 partir de 17h, ap\u00e9ro musical. <a href=\"https:\/\/chemin-fer-baie-saint-brieuc.fr\/wordpress\/apero-musical-a-la-gare-de-plougonver\/\" data-type=\"post\" data-id=\"769\">Voir la page d\u00e9di\u00e9e<\/a>.<\/p>\n\n\n\n<p>Le dimanche 11 mai, \u00e0 15h, dict\u00e9e en gare. <a href=\"https:\/\/chemin-fer-baie-saint-brieuc.fr\/wordpress\/dictee-en-gare-de-plougonver\/\" data-type=\"post\" data-id=\"778\">Voir la page d\u00e9di\u00e9e<\/a>.<\/p>\n\n\n\n<p>Le dimanche 22 juin, de 12h \u00e0 18h , visite de v\u00e9hicules anciens et causerie en breton \u00e0 la gare de Plougonver. <a href=\"https:\/\/chemin-fer-baie-saint-brieuc.fr\/wordpress\/ca-roule-a-la-gare-de-plougonver-ce-dimanche-22-juin-e-brezhoneg\/\">Voir la page d\u00e9di\u00e9e.<\/a><\/p>\n\n\n\n<p>Dimanche 20 juillet, mardi 22 juillet et dimanche 17 ao\u00fbt, animations \u00e0 la gare de Plougonver. <a href=\"https:\/\/chemin-fer-baie-saint-brieuc.fr\/wordpress\/cest-lete-a-la-gare-de-plougonver\/\">Voir d\u00e9tails<\/a><\/p>\n\n\n\n<p>Dimanche 30 novembre, Jouons en gare de Plougonver. <a href=\"https:\/\/chemin-fer-baie-saint-brieuc.fr\/wordpress\/jouons-dimanche-30-novembre-a-la-gare-de-plougonver\/\">Voir d\u00e9tails<\/a><\/p>\n\n\n\n<p><\/p>\n","protected":false},"excerpt":{"rendered":"<p>Historique La gare de Plougonver se trouve sur la ligne du R\u00e9seau Breton entre Carhaix et Guingamp. Cette ligne \u00e0 voie m\u00e9trique a \u00e9t\u00e9 ouverte en 1893. Elle a ensuite \u00e9t\u00e9 convertie en voie normale en 1967. Au fil des ann\u00e9es, m\u00eame si la ligne est toujours active, le trafic ne n\u00e9cessite plus d&rsquo;avoir un <a class=\"more-link\" href=\"https:\/\/chemin-fer-baie-saint-brieuc.fr\/wordpress\/la-gare-plougonver\/\">Lire plus &#8230;<\/a><\/p>\n","protected":false},"author":1,"featured_media":0,"parent":0,"menu_order":0,"comment_status":"closed","ping_status":"closed","template":"","meta":{"_exactmetrics_skip_tracking":false,"_exactmetrics_sitenote_active":false,"_exactmetrics_sitenote_note":"","_exactmetrics_sitenote_category":0,"footnotes":""},"class_list":["post-578","page","type-page","status-publish","hentry"],"_links":{"self":[{"href":"https:\/\/chemin-fer-baie-saint-brieuc.fr\/wordpress\/wp-json\/wp\/v2\/pages\/578","targetHints":{"allow":["GET"]}}],"collection":[{"href":"https:\/\/chemin-fer-baie-saint-brieuc.fr\/wordpress\/wp-json\/wp\/v2\/pages"}],"about":[{"href":"https:\/\/chemin-fer-baie-saint-brieuc.fr\/wordpress\/wp-json\/wp\/v2\/types\/page"}],"author":[{"embeddable":true,"href":"https:\/\/chemin-fer-baie-saint-brieuc.fr\/wordpress\/wp-json\/wp\/v2\/users\/1"}],"replies":[{"embeddable":true,"href":"https:\/\/chemin-fer-baie-saint-brieuc.fr\/wordpress\/wp-json\/wp\/v2\/comments?post=578"}],"version-history":[{"count":19,"href":"https:\/\/chemin-fer-baie-saint-brieuc.fr\/wordpress\/wp-json\/wp\/v2\/pages\/578\/revisions"}],"predecessor-version":[{"id":842,"href":"https:\/\/chemin-fer-baie-saint-brieuc.fr\/wordpress\/wp-json\/wp\/v2\/pages\/578\/revisions\/842"}],"wp:attachment":[{"href":"https:\/\/chemin-fer-baie-saint-brieuc.fr\/wordpress\/wp-json\/wp\/v2\/media?parent=578"}],"curies":[{"name":"wp","href":"https:\/\/api.w.org\/{rel}","templated":true}]}}