{"id":79,"date":"2015-06-03T15:47:13","date_gmt":"2015-06-03T14:47:13","guid":{"rendered":"http:\/\/chemin-fer-baie-saint-brieuc.fr\/wordpress\/?page_id=79"},"modified":"2016-02-24T10:42:34","modified_gmt":"2016-02-24T09:42:34","slug":"informations-pratiques","status":"publish","type":"page","link":"https:\/\/chemin-fer-baie-saint-brieuc.fr\/wordpress\/informations-pratiques\/","title":{"rendered":"Informations pratiques"},"content":{"rendered":"<p>L&rsquo;Association des Chemins de Fer des C\u00f4tes-du-Nord est bas\u00e9e \u00e0 Langueux, sur le site de Boutdeville. Ce site se trouve \u00e0 quelques kilom\u00e8tres de Saint-Brieuc en bordure de la Baie.<\/p>\n<p><center><br \/>\n<iframe loading=\"lazy\" src=\"https:\/\/www.google.com\/maps\/embed?pb=!1m18!1m12!1m3!1d42295.36619037486!2d-2.7333779207248226!3d48.50523853346104!2m3!1f0!2f0!3f0!3m2!1i1024!2i768!4f13.1!3m3!1m2!1s0x480e1ceb70fc6b35%3A0x6618949d84d36e69!2sChemin+de+Fer+de+la+Baie+de+Saint-Brieuc!5e0!3m2!1sfr!2sfr!4v1456254097074\" width=\"800\" height=\"450\" frameborder=\"0\" style=\"border:0\" allowfullscreen><\/iframe><br \/>\n<\/center><\/p>\n<p><strong>Coordonn\u00e9es GPS<\/strong> du Parc de Boutdeville : latitude\u00a048.504328, longitude -2.697675<\/p>\n<p><strong>Pour venir en voiture<\/strong>, depuis la RN 12 (quatre voies Rennes Brest) \u00e0 l&rsquo;Est de Saint-Brieuc, sortir \u00e0 Langueux ou Yffiniac et suivre la direction \u00ab\u00a0Les Gr\u00e8ves\u00a0\u00bb ou \u00ab\u00a0Parc de Boutdeville &#8211; La Briqueterie\u00a0\u00bb.<\/p>\n<p><strong>Pour venir en train<\/strong>, descendre \u00e0 la gare de Saint-Brieuc. Prendre un bus jusqu&rsquo;\u00e0 l&rsquo;arr\u00eat \u00ab\u00a0Champ de Mars\u00a0\u00bb (plusieurs possibilit\u00e9s) puis prendre le bus n\u00b050 jusqu&rsquo;\u00e0 l&rsquo;arr\u00eat \u00ab\u00a0Boutdeville\u00a0\u00bb. Pour plus d&rsquo;informations : <a href=\"http:\/\/www.tubinfo.fr\/\" target=\"_blank\">http:\/\/www.tubinfo.fr\/<\/a> ou <a href=\"http:\/\/www.breizhgo.com\/fr\/\" target=\"_blank\">http:\/\/www.breizhgo.com\/fr\/<\/a><\/p>\n<p>Association des Chemins de fer des C\u00f4tes-du-Nord<br \/>\n1, promenade Harel de la No\u00eb<br \/>\nParc de Boutdeville<br \/>\n22360 Langueux-les-Gr\u00e8ves<br \/>\nT\u00e9l\u00e9phone: 02.96.72.75.88<br \/>\ne-mail: <a href=\"mailto:acfcdn@wanadoo.fr\">acfcdn@wanadoo.fr<\/a><\/p>\n","protected":false},"excerpt":{"rendered":"<p>L&rsquo;Association des Chemins de Fer des C\u00f4tes-du-Nord est bas\u00e9e \u00e0 Langueux, sur le site de Boutdeville. Ce site se trouve \u00e0 quelques kilom\u00e8tres de Saint-Brieuc en bordure de la Baie. Coordonn\u00e9es GPS du Parc de Boutdeville : latitude\u00a048.504328, longitude -2.697675 Pour venir en voiture, depuis la RN 12 (quatre voies Rennes Brest) \u00e0 l&rsquo;Est de <a class=\"more-link\" href=\"https:\/\/chemin-fer-baie-saint-brieuc.fr\/wordpress\/informations-pratiques\/\">Lire plus &#8230;<\/a><\/p>\n","protected":false},"author":1,"featured_media":0,"parent":0,"menu_order":0,"comment_status":"closed","ping_status":"open","template":"","meta":{"_exactmetrics_skip_tracking":false,"_exactmetrics_sitenote_active":false,"_exactmetrics_sitenote_note":"","_exactmetrics_sitenote_category":0,"footnotes":""},"class_list":["post-79","page","type-page","status-publish","hentry"],"_links":{"self":[{"href":"https:\/\/chemin-fer-baie-saint-brieuc.fr\/wordpress\/wp-json\/wp\/v2\/pages\/79","targetHints":{"allow":["GET"]}}],"collection":[{"href":"https:\/\/chemin-fer-baie-saint-brieuc.fr\/wordpress\/wp-json\/wp\/v2\/pages"}],"about":[{"href":"https:\/\/chemin-fer-baie-saint-brieuc.fr\/wordpress\/wp-json\/wp\/v2\/types\/page"}],"author":[{"embeddable":true,"href":"https:\/\/chemin-fer-baie-saint-brieuc.fr\/wordpress\/wp-json\/wp\/v2\/users\/1"}],"replies":[{"embeddable":true,"href":"https:\/\/chemin-fer-baie-saint-brieuc.fr\/wordpress\/wp-json\/wp\/v2\/comments?post=79"}],"version-history":[{"count":7,"href":"https:\/\/chemin-fer-baie-saint-brieuc.fr\/wordpress\/wp-json\/wp\/v2\/pages\/79\/revisions"}],"predecessor-version":[{"id":170,"href":"https:\/\/chemin-fer-baie-saint-brieuc.fr\/wordpress\/wp-json\/wp\/v2\/pages\/79\/revisions\/170"}],"wp:attachment":[{"href":"https:\/\/chemin-fer-baie-saint-brieuc.fr\/wordpress\/wp-json\/wp\/v2\/media?parent=79"}],"curies":[{"name":"wp","href":"https:\/\/api.w.org\/{rel}","templated":true}]}}