{"id":8,"date":"2015-06-03T12:22:19","date_gmt":"2015-06-03T11:22:19","guid":{"rendered":"http:\/\/chemin-fer-baie-saint-brieuc.fr\/wordpress\/?page_id=8"},"modified":"2026-03-01T20:38:02","modified_gmt":"2026-03-01T19:38:02","slug":"association-des-chemins-de-fer-des-cotes-du-nord","status":"publish","type":"page","link":"https:\/\/chemin-fer-baie-saint-brieuc.fr\/wordpress\/","title":{"rendered":""},"content":{"rendered":"<div id=\"droite\">\n<div class=\"soutien\">\n<p><a href=\"https:\/\/chemin-fer-baie-saint-brieuc.fr\/wordpress\/soutien\">Soutenez-nous !<\/a><\/p>\n<p><img decoding=\"async\" src=\"https:\/\/chemin-fer-baie-saint-brieuc.fr\/wordpress\/wp-content\/uploads\/2016\/05\/mains.png\" \/><\/p>\n<\/div>\n<div class=\"soutien\" style=\"height: 200px;\">\n<p><b>Nouveau livre !<\/b><br \/>\nL&rsquo;histoire du petit train en cartes postales<\/p>\n<p><iframe id=\"haWidget\" style=\"width: 100%; height: 70px; border: none;\" src=\"https:\/\/www.helloasso.com\/associations\/association-des-chemins-de-fer-des-cotes-du-nord\/boutiques\/l-histoire-du-petit-train-en-cartes-postales-1\/widget-bouton\"><\/iframe><\/p>\n<\/div>\n<div class=\"avis\">\n<p>Donnez votre avis<\/p>\n<div id=\"tripadvisor\">\n<div id=\"TA_cdsratingsonlynarrow865\" class=\"TA_cdsratingsonlynarrow\">\n<ul id=\"ZdikdzJU\" class=\"TA_links SVrBpnWZ\">\n<li id=\"yYqFLEniN\" class=\"AZtBgFk7d\"><a href=\"https:\/\/www.tripadvisor.fr\/\" target=\"_blank\" rel=\"noopener noreferrer\"><img decoding=\"async\" src=\"https:\/\/www.tripadvisor.fr\/img\/cdsi\/img2\/branding\/tripadvisor_logo_transp_340x80-18034-2.png\" alt=\"TripAdvisor\" \/><\/a><\/li>\n<\/ul>\n<\/div>\n<p><script src=\"https:\/\/www.jscache.com\/wejs?wtype=cdsratingsonlynarrow&amp;uniq=865&amp;locationId=4346029&amp;lang=fr&amp;border=true&amp;display_version=2\"><\/script><\/p>\n<\/div>\n<\/div>\n<\/div>\n<p>Venez vivre un moment inoubliable \u00e0 bord du Chemin de Fer de la Baie de Saint-Brieuc. Vous pourrez faire un tour \u00e0 bord du Tramway de Boutdeville et d\u00e9couvrir la plus grande collection de mat\u00e9riel ferroviaire historique de Bretagne.<\/p>\n<p>L\u2019ensemble est anim\u00e9 par l\u2019Association des Chemins de Fer des C\u00f4tes-du-Nord, une association cr\u00e9\u00e9e en d\u00e9cembre 1986 pour faire revivre l\u2019ancien r\u00e9seau d\u00e9partemental qui, avec ses 452 km de voies \u00e0 l\u2019\u00e9cartement m\u00e9trique fut l\u2019un des plus grands r\u00e9seau de France.<\/p>\n<p>En 2026, l&rsquo;accueil du public et les circulations se fera les apr\u00e8s-midi (<strong>14h30 &#8211; 18h00<\/strong>) aux dates suivantes :<\/p>\n<ul>\n<li><b>Les mercredis et samedis :<br \/>\n<\/b>Vacances de printemps (zones A,B,C)<br \/>\nD\u00e9but-juin jusqu&rsquo;\u00e0 mi-juin<br \/>\nMi-septembre jusqu&rsquo;\u00e0 la fin des vacances de la Toussaint (zones A,B,C)<\/li>\n<li><strong>Les mercredis, samedis et dimanches<br \/>\n<\/strong>De mi-juin \u00e0 mi-septembre<\/li>\n<\/ul>\n<p>Depuis 2018, l&rsquo;Association des Chemins de Fer des C\u00f4tes-du-Nord g\u00e8re \u00e9galement la Gare de Plougonver. Sur ce site, la gare du R\u00e9seau Breton a \u00e9t\u00e9 restaur\u00e9e par un passionn\u00e9 qui y a fait un petit mus\u00e9e avec une dizaine de mat\u00e9riel d&rsquo;origine suisse. Cette gare est ouverte au public exceptionnellement lors de f\u00eates.<\/p>\n<p><iframe id=\"haWidget\" style=\"width: 100%; height: 70px; border: none;\" src=\"https:\/\/www.helloasso.com\/associations\/association-des-chemins-de-fer-des-cotes-du-nord\/formulaires\/2\/widget-bouton\"><\/iframe><\/p>\n<p><img loading=\"lazy\" decoding=\"async\" class=\"aligncenter wp-image-498 size-medium\" src=\"https:\/\/chemin-fer-baie-saint-brieuc.fr\/wordpress\/wp-content\/uploads\/2022\/02\/billet2022.jpg\" alt=\"Billet Chemin de Fer de la Baie de Saint-Brieuc\" width=\"300\" height=\"151\" \/><\/p>\n<h2>Animations 2026<\/h2>\n<ul>\n<li><strong>Dimanche 19 juillet, <\/strong>Vide-greniers \u00e0 Boutdeville (Langueux) &#8211; <a href=\"https:\/\/chemin-fer-baie-saint-brieuc.fr\/wordpress\/vide-greniers-a-boutdeville-le-19-juillet-2026\/\">Voir d\u00e9tails<\/a><\/li>\n<li><em>D&rsquo;autres animations \u00e0 venir&#8230;<\/em><\/li>\n<\/ul>\n<div style=\"float: none; clear: both; border: none; height: 0px;\"><\/div>\n<p>L&rsquo;Association est membre de l&rsquo;UNECTO (la F\u00e9d\u00e9ration des chemins de fer touristiques et historique). N&rsquo;h\u00e9sitez pas \u00e0 consulter <a href=\"https:\/\/chemin-fer-baie-saint-brieuc.fr\/wordpress\/wp-content\/uploads\/2021\/06\/carte_unecto.pdf\" target=\"_blank\" rel=\"noopener\">la carte des membres<\/a>, il y a souvent un chemin de fer touristique pr\u00e8s de chez vous !<\/p>\n<div style=\"float: =;\">\n<p><a href=\"la carte, il y a souvent un chemin de fer touristique pr\u00e8s de chez vous !\n\n&lt;div style=\">En attendant de vous rencontrer, voici une vid\u00e9o r\u00e9alis\u00e9e par <\/a><a href=\"http:\/\/www.aiguillages.eu\/\">Aiguillages<\/a> sur l&rsquo;Association :<\/p>\n<p><center><br \/>\n<iframe loading=\"lazy\" src=\"https:\/\/www.youtube.com\/embed\/9hs2CkoX04c\" width=\"560\" height=\"315\" frameborder=\"0\" allowfullscreen=\"allowfullscreen\"><\/iframe><\/center><\/div>\n<p>vapeut<\/p>\n","protected":false},"excerpt":{"rendered":"<p>Soutenez-nous ! Nouveau livre ! L&rsquo;histoire du petit train en cartes postales Donnez votre avis Venez vivre un moment inoubliable \u00e0 bord du Chemin de Fer de la Baie de Saint-Brieuc. Vous pourrez faire un tour \u00e0 bord du Tramway de Boutdeville et d\u00e9couvrir la plus grande collection de mat\u00e9riel ferroviaire historique de Bretagne. L\u2019ensemble <a class=\"more-link\" href=\"https:\/\/chemin-fer-baie-saint-brieuc.fr\/wordpress\/\">Lire plus &#8230;<\/a><\/p>\n","protected":false},"author":1,"featured_media":0,"parent":0,"menu_order":0,"comment_status":"closed","ping_status":"open","template":"","meta":{"_exactmetrics_skip_tracking":false,"_exactmetrics_sitenote_active":false,"_exactmetrics_sitenote_note":"","_exactmetrics_sitenote_category":0,"footnotes":""},"class_list":["post-8","page","type-page","status-publish","hentry"],"_links":{"self":[{"href":"https:\/\/chemin-fer-baie-saint-brieuc.fr\/wordpress\/wp-json\/wp\/v2\/pages\/8","targetHints":{"allow":["GET"]}}],"collection":[{"href":"https:\/\/chemin-fer-baie-saint-brieuc.fr\/wordpress\/wp-json\/wp\/v2\/pages"}],"about":[{"href":"https:\/\/chemin-fer-baie-saint-brieuc.fr\/wordpress\/wp-json\/wp\/v2\/types\/page"}],"author":[{"embeddable":true,"href":"https:\/\/chemin-fer-baie-saint-brieuc.fr\/wordpress\/wp-json\/wp\/v2\/users\/1"}],"replies":[{"embeddable":true,"href":"https:\/\/chemin-fer-baie-saint-brieuc.fr\/wordpress\/wp-json\/wp\/v2\/comments?post=8"}],"version-history":[{"count":107,"href":"https:\/\/chemin-fer-baie-saint-brieuc.fr\/wordpress\/wp-json\/wp\/v2\/pages\/8\/revisions"}],"predecessor-version":[{"id":861,"href":"https:\/\/chemin-fer-baie-saint-brieuc.fr\/wordpress\/wp-json\/wp\/v2\/pages\/8\/revisions\/861"}],"wp:attachment":[{"href":"https:\/\/chemin-fer-baie-saint-brieuc.fr\/wordpress\/wp-json\/wp\/v2\/media?parent=8"}],"curies":[{"name":"wp","href":"https:\/\/api.w.org\/{rel}","templated":true}]}}